{"id":27791,"date":"2025-11-27T10:11:10","date_gmt":"2025-11-27T10:11:10","guid":{"rendered":"https:\/\/solgreen.ro\/?page_id=27791"},"modified":"2025-12-05T14:06:04","modified_gmt":"2025-12-05T14:06:04","slug":"privacy","status":"publish","type":"page","link":"https:\/\/www.solgreen.ro\/ro\/privacy\/","title":{"rendered":"Politic\u0103 de Confiden\u021bialitate"},"content":{"rendered":"<div data-elementor-type=\"wp-page\" data-elementor-id=\"27791\" class=\"elementor elementor-27791\">\n\t\t\t\t<div class=\"wd-negative-gap elementor-element elementor-element-6531ecb e-flex e-con-boxed e-con e-parent\" data-id=\"6531ecb\" data-element_type=\"container\">\n\t\t\t\t\t<div class=\"e-con-inner\">\n\t\t\t\t<div class=\"elementor-element elementor-element-8de33ed elementor-widget elementor-widget-wd_text_block\" data-id=\"8de33ed\" data-element_type=\"widget\" data-widget_type=\"wd_text_block.default\">\n\t\t\t\t<div class=\"elementor-widget-container\">\n\t\t\t\t\t<div class=\"wd-text-block reset-last-child text-left\">\n\t\t\t\n\t\t\t<h1 data-start=\"349\" data-end=\"384\"><strong data-start=\"351\" data-end=\"384\">POLITICA DE CONFIDEN\u021aIALITATE<\/strong><\/h1><p data-start=\"386\" data-end=\"416\"><strong data-start=\"386\" data-end=\"416\">Valabil\u0103 de la: 01.01.2025<\/strong><\/p><p data-start=\"418\" data-end=\"760\">Prezenta Politic\u0103 de Confiden\u021bialitate descrie modul \u00een care <strong data-start=\"479\" data-end=\"530\">MATYAS-IANOS SZABOLCS \u00ceNTREPRINDERE INDIVIDUAL\u0102<\/strong> (denumit\u0103 \u00een continuare \u201eOperatorul\u201d sau \u201enoi\u201d) prelucreaz\u0103 datele dumneavoastr\u0103 personale \u00een conformitate cu <strong data-start=\"641\" data-end=\"678\">Regulamentul (UE) 2016\/679 (GDPR)<\/strong> \u0219i <strong data-start=\"682\" data-end=\"704\">Legea nr. 190\/2018<\/strong> privind m\u0103suri de punere \u00een aplicare a GDPR \u00een Rom\u00e2nia.<\/p><hr data-start=\"762\" data-end=\"765\" \/><h1 data-start=\"767\" data-end=\"795\"><strong data-start=\"769\" data-end=\"795\">1. Datele Operatorului<\/strong><\/h1><ul data-start=\"797\" data-end=\"1044\"><li data-start=\"797\" data-end=\"862\"><p data-start=\"799\" data-end=\"862\"><strong data-start=\"799\" data-end=\"812\">Denumire:<\/strong> MATYAS-IANOS SZABOLCS \u00ceNTREPRINDERE INDIVIDUAL\u0102<\/p><\/li><li data-start=\"863\" data-end=\"927\"><p data-start=\"865\" data-end=\"927\"><strong data-start=\"865\" data-end=\"875\">Sediu:<\/strong> CIUCANI, NR.36, Ciucani, S\u00e2nmartin, Jud. Harghita<\/p><\/li><li data-start=\"928\" data-end=\"968\"><p data-start=\"930\" data-end=\"968\"><strong data-start=\"930\" data-end=\"957\">Cod fiscal \/ CUI \/ CIF:<\/strong> 39158066<\/p><\/li><li data-start=\"969\" data-end=\"1015\"><p data-start=\"971\" data-end=\"1015\"><strong data-start=\"971\" data-end=\"1000\">Nr. Registrul Comer\u021bului:<\/strong> F19\/191\/2018<\/p><\/li><li data-start=\"1016\" data-end=\"1044\"><p data-start=\"1018\" data-end=\"1044\"><strong data-start=\"1018\" data-end=\"1030\">Website:<\/strong> solgreen.ro<\/p><\/li><\/ul><p data-start=\"1046\" data-end=\"1142\">Operatorul este responsabil pentru protec\u021bia datelor personale \u0219i pentru prelucrarea lor legal\u0103.<\/p><hr data-start=\"1144\" data-end=\"1147\" \/><h1 data-start=\"1149\" data-end=\"1185\"><strong data-start=\"1151\" data-end=\"1185\">2. Datele personale prelucrate<\/strong><\/h1><h2 data-start=\"1187\" data-end=\"1240\"><strong data-start=\"1190\" data-end=\"1240\">2.1. Date colectate prin formularul de contact<\/strong><\/h2><ul data-start=\"1241\" data-end=\"1337\"><li data-start=\"1241\" data-end=\"1249\"><p data-start=\"1243\" data-end=\"1249\">Nume<\/p><\/li><li data-start=\"1250\" data-end=\"1270\"><p data-start=\"1252\" data-end=\"1270\">Adres\u0103 de e-mail<\/p><\/li><li data-start=\"1271\" data-end=\"1312\"><p data-start=\"1273\" data-end=\"1312\">Num\u0103r de telefon (dac\u0103 este furnizat)<\/p><\/li><li data-start=\"1313\" data-end=\"1337\"><p data-start=\"1315\" data-end=\"1337\">Con\u021binutul mesajului<\/p><\/li><\/ul><h2 data-start=\"1339\" data-end=\"1398\"><strong data-start=\"1342\" data-end=\"1398\">2.2. Date colectate \u00een cadrul comenzilor din webshop<\/strong><\/h2><ul data-start=\"1399\" data-end=\"1619\"><li data-start=\"1399\" data-end=\"1418\"><p data-start=\"1401\" data-end=\"1418\">Nume \u0219i prenume<\/p><\/li><li data-start=\"1419\" data-end=\"1440\"><p data-start=\"1421\" data-end=\"1440\">Adres\u0103 de livrare<\/p><\/li><li data-start=\"1441\" data-end=\"1479\"><p data-start=\"1443\" data-end=\"1479\">Adres\u0103 de facturare + date fiscale<\/p><\/li><li data-start=\"1480\" data-end=\"1490\"><p data-start=\"1482\" data-end=\"1490\">E-mail<\/p><\/li><li data-start=\"1491\" data-end=\"1511\"><p data-start=\"1493\" data-end=\"1511\">Num\u0103r de telefon<\/p><\/li><li data-start=\"1512\" data-end=\"1572\"><p data-start=\"1514\" data-end=\"1572\">Detalii comand\u0103 (produse comandate, num\u0103r comand\u0103, data)<\/p><\/li><li data-start=\"1573\" data-end=\"1619\"><p data-start=\"1575\" data-end=\"1619\">Modalitate de plat\u0103 (nu stoc\u0103m date de card)<\/p><\/li><\/ul><h2 data-start=\"1621\" data-end=\"1663\"><strong data-start=\"1624\" data-end=\"1663\">2.3. Date tehnice colectate automat<\/strong><\/h2><ul data-start=\"1664\" data-end=\"1794\"><li data-start=\"1664\" data-end=\"1677\"><p data-start=\"1666\" data-end=\"1677\">Adresa IP<\/p><\/li><li data-start=\"1678\" data-end=\"1717\"><p data-start=\"1680\" data-end=\"1717\">Tipul browserului \u0219i dispozitivului<\/p><\/li><li data-start=\"1718\" data-end=\"1743\"><p data-start=\"1720\" data-end=\"1743\">Identificatori cookie<\/p><\/li><li data-start=\"1744\" data-end=\"1794\"><p data-start=\"1746\" data-end=\"1794\">Date privind navigarea \u0219i utilizarea site-ului<\/p><\/li><\/ul><hr data-start=\"1796\" data-end=\"1799\" \/><h1 data-start=\"1801\" data-end=\"1856\"><strong data-start=\"1803\" data-end=\"1856\">3. Scopurile \u0219i temeiurile legale ale prelucr\u0103rii<\/strong><\/h1><ul data-start=\"1858\" data-end=\"2360\"><li data-start=\"1858\" data-end=\"1926\"><p data-start=\"1860\" data-end=\"1926\"><strong data-start=\"1860\" data-end=\"1894\">Procesarea comenzilor webshop:<\/strong> art. 6 alin. (1) lit. b) GDPR<\/p><\/li><li data-start=\"1927\" data-end=\"2013\"><p data-start=\"1929\" data-end=\"2013\"><strong data-start=\"1929\" data-end=\"1981\">Facturare \u0219i obliga\u021bii legale contabile\/fiscale:<\/strong> art. 6 alin. (1) lit. c) GDPR<\/p><\/li><li data-start=\"2014\" data-end=\"2086\"><p data-start=\"2016\" data-end=\"2086\"><strong data-start=\"2016\" data-end=\"2054\">Comunicare \u0219i rela\u021bii cu clien\u021bii:<\/strong> art. 6 alin. (1) lit. b) GDPR<\/p><\/li><li data-start=\"2087\" data-end=\"2177\"><p data-start=\"2089\" data-end=\"2177\"><strong data-start=\"2089\" data-end=\"2130\">Transmitere newsletter (dac\u0103 exist\u0103):<\/strong> art. 6 alin. (1) lit. a) GDPR \u2013 consim\u021b\u0103m\u00e2nt<\/p><\/li><li data-start=\"2178\" data-end=\"2272\"><p data-start=\"2180\" data-end=\"2272\"><strong data-start=\"2180\" data-end=\"2222\">Func\u021bionarea \u0219i securitatea site-ului:<\/strong> art. 6 alin. (1) lit. f) GDPR \u2013 interes legitim<\/p><\/li><li data-start=\"2273\" data-end=\"2360\"><p data-start=\"2275\" data-end=\"2360\"><strong data-start=\"2275\" data-end=\"2328\">Statistici, analiz\u0103 \u0219i \u00eembun\u0103t\u0103\u021birea serviciilor:<\/strong> art. 6 alin. (1) lit. f) GDPR<\/p><\/li><\/ul><hr data-start=\"2362\" data-end=\"2365\" \/><h1 data-start=\"2367\" data-end=\"2405\"><strong data-start=\"2369\" data-end=\"2405\">4. Perioada de stocare a datelor<\/strong><\/h1><ul data-start=\"2407\" data-end=\"2666\"><li data-start=\"2407\" data-end=\"2488\"><p data-start=\"2409\" data-end=\"2488\"><strong data-start=\"2409\" data-end=\"2431\">Datele comenzilor:<\/strong> 8 ani (obliga\u021bie contabil\u0103 conform legisla\u021biei rom\u00e2ne)<\/p><\/li><li data-start=\"2489\" data-end=\"2543\"><p data-start=\"2491\" data-end=\"2543\"><strong data-start=\"2491\" data-end=\"2528\">Datele din formularul de contact:<\/strong> p\u00e2n\u0103 la 1 an<\/p><\/li><li data-start=\"2544\" data-end=\"2607\"><p data-start=\"2546\" data-end=\"2607\"><strong data-start=\"2546\" data-end=\"2569\">Date de newsletter:<\/strong> p\u00e2n\u0103 la retragerea consim\u021b\u0103m\u00e2ntului<\/p><\/li><li data-start=\"2608\" data-end=\"2666\"><p data-start=\"2610\" data-end=\"2666\"><strong data-start=\"2610\" data-end=\"2625\">Cookie-uri:<\/strong> \u00eentre 1 zi \u0219i 2 ani, \u00een func\u021bie de tip<\/p><\/li><\/ul><hr data-start=\"2668\" data-end=\"2671\" \/><h1 data-start=\"2673\" data-end=\"2718\"><strong data-start=\"2675\" data-end=\"2718\">5. Persoane \u00eemputernicite (Procesatori)<\/strong><\/h1><p data-start=\"2720\" data-end=\"2824\">Datele pot fi transmise urm\u0103toarelor categorii de parteneri, doar pentru prestarea serviciilor necesare:<\/p><ul data-start=\"2826\" data-end=\"3020\"><li data-start=\"2826\" data-end=\"2864\"><p data-start=\"2828\" data-end=\"2864\">Furnizor de g\u0103zduire web (hosting)<\/p><\/li><li data-start=\"2865\" data-end=\"2899\"><p data-start=\"2867\" data-end=\"2899\">Servicii de curierat \/ livrare<\/p><\/li><li data-start=\"2900\" data-end=\"2943\"><p data-start=\"2902\" data-end=\"2943\">Procesator de pl\u0103\u021bi online: <strong data-start=\"2930\" data-end=\"2941\">Netopia<\/strong><\/p><\/li><li data-start=\"2944\" data-end=\"2973\"><p data-start=\"2946\" data-end=\"2973\">Servicii de contabilitate<\/p><\/li><li data-start=\"2974\" data-end=\"3020\"><p data-start=\"2976\" data-end=\"3020\">Sistem de trimitere newsletter (dac\u0103 exist\u0103)<\/p><\/li><\/ul><p data-start=\"3022\" data-end=\"3106\">Ace\u0219ti procesatori prelucreaz\u0103 datele exclusiv pe baza instruc\u021biunilor operatorului.<\/p><hr data-start=\"3108\" data-end=\"3111\" \/><h1 data-start=\"3113\" data-end=\"3161\"><strong data-start=\"3115\" data-end=\"3161\">6. Transferul datelor cu caracter personal<\/strong><\/h1><p data-start=\"3163\" data-end=\"3189\">Datele pot fi transferate:<\/p><ul data-start=\"3191\" data-end=\"3405\"><li data-start=\"3191\" data-end=\"3249\"><p data-start=\"3193\" data-end=\"3249\"><strong data-start=\"3193\" data-end=\"3213\">C\u0103tre autorit\u0103\u021bi<\/strong>, doar \u00een baza obliga\u021biilor legale<\/p><\/li><li data-start=\"3250\" data-end=\"3405\"><p data-start=\"3252\" data-end=\"3405\"><strong data-start=\"3252\" data-end=\"3284\">C\u0103tre furnizori din afara UE<\/strong>, doar dac\u0103 exist\u0103 garan\u021bii adecvate (ex.: Clauze Contractuale Standard, Privacy Shield pentru SUA \u2013 dac\u0103 este aplicabil)<\/p><\/li><\/ul><p data-start=\"3407\" data-end=\"3472\">Nu transfer\u0103m date personale f\u0103r\u0103 asigurarea protec\u021biei adecvate.<\/p><hr data-start=\"3474\" data-end=\"3477\" \/><h1 data-start=\"3479\" data-end=\"3517\"><strong data-start=\"3481\" data-end=\"3517\">7. Drepturile persoanelor vizate<\/strong><\/h1><p data-start=\"3519\" data-end=\"3560\">Conform GDPR, ave\u021bi urm\u0103toarele drepturi:<\/p><ul data-start=\"3562\" data-end=\"3926\"><li data-start=\"3562\" data-end=\"3606\"><p data-start=\"3564\" data-end=\"3606\"><strong data-start=\"3564\" data-end=\"3584\">Dreptul de acces<\/strong> la datele personale<\/p><\/li><li data-start=\"3607\" data-end=\"3637\"><p data-start=\"3609\" data-end=\"3637\"><strong data-start=\"3609\" data-end=\"3635\">Dreptul la rectificare<\/strong><\/p><\/li><li data-start=\"3638\" data-end=\"3691\"><p data-start=\"3640\" data-end=\"3691\"><strong data-start=\"3640\" data-end=\"3689\">Dreptul la \u0219tergere (\u201edreptul de a fi uitat\u201d)<\/strong><\/p><\/li><li data-start=\"3692\" data-end=\"3738\"><p data-start=\"3694\" data-end=\"3738\"><strong data-start=\"3694\" data-end=\"3736\">Dreptul la restric\u021bionarea prelucr\u0103rii<\/strong><\/p><\/li><li data-start=\"3739\" data-end=\"3780\"><p data-start=\"3741\" data-end=\"3780\"><strong data-start=\"3741\" data-end=\"3778\">Dreptul la portabilitatea datelor<\/strong><\/p><\/li><li data-start=\"3781\" data-end=\"3855\"><p data-start=\"3783\" data-end=\"3855\"><strong data-start=\"3783\" data-end=\"3806\">Dreptul de opozi\u021bie<\/strong> fa\u021b\u0103 de prelucr\u0103rile bazate pe interes legitim<\/p><\/li><li data-start=\"3856\" data-end=\"3926\"><p data-start=\"3858\" data-end=\"3926\"><strong data-start=\"3858\" data-end=\"3901\">Dreptul de retragere a consim\u021b\u0103m\u00e2ntului<\/strong> (acolo unde se aplic\u0103)<\/p><\/li><\/ul><p data-start=\"3928\" data-end=\"3994\">Solicit\u0103rile pot fi trimise la datele de contact ale Operatorului.<\/p><p data-start=\"3996\" data-end=\"4086\">Dac\u0103 considerati c\u0103 drepturile v-au fost \u00eenc\u0103lcate, ave\u021bi dreptul de a depune pl\u00e2ngere la:<\/p><p data-start=\"4088\" data-end=\"4224\"><strong data-start=\"4088\" data-end=\"4182\">Autoritatea Na\u021bional\u0103 de Supraveghere a Prelucr\u0103rii Datelor cu Caracter Personal (ANSPDCP)<\/strong><br data-start=\"4182\" data-end=\"4185\" \/>sau la instan\u021ba competent\u0103 din Rom\u00e2nia.<\/p><hr data-start=\"4226\" data-end=\"4229\" \/><h1 data-start=\"4231\" data-end=\"4250\"><strong data-start=\"4233\" data-end=\"4250\">8. Cookie-uri<\/strong><\/h1><p data-start=\"4252\" data-end=\"4307\">Site-ul poate utiliza urm\u0103toarele tipuri de cookie-uri:<\/p><ul data-start=\"4309\" data-end=\"4440\"><li data-start=\"4309\" data-end=\"4355\"><p data-start=\"4311\" data-end=\"4355\">Cookie-uri necesare func\u021bion\u0103rii site-ului<\/p><\/li><li data-start=\"4356\" data-end=\"4393\"><p data-start=\"4358\" data-end=\"4393\">Cookie-uri statistice \/ analitice<\/p><\/li><li data-start=\"4394\" data-end=\"4440\"><p data-start=\"4396\" data-end=\"4440\">Cookie-uri pentru marketing \u0219i remarketing<\/p><\/li><\/ul><p data-start=\"4442\" data-end=\"4517\">Utilizatorul poate modifica \u00een orice moment set\u0103rile de cookie din browser.<\/p><hr data-start=\"4519\" data-end=\"4522\" \/><h1 data-start=\"4524\" data-end=\"4554\"><strong data-start=\"4526\" data-end=\"4554\">9. Modificarea politicii<\/strong><\/h1><p data-start=\"4556\" data-end=\"4716\">Operatorul \u00ee\u0219i rezerv\u0103 dreptul de a modifica \u00een orice moment prezenta politic\u0103 de confiden\u021bialitate.<br data-start=\"4656\" data-end=\"4659\" \/>Versiunea actualizat\u0103 este disponibil\u0103 permanent pe site.<\/p>\n\t\t\t\t\t<\/div>\n\t\t\t\t<\/div>\n\t\t\t\t<\/div>\n\t\t\t\t\t<\/div>\n\t\t\t\t<\/div>\n\t\t\t\t<\/div>","protected":false},"excerpt":{"rendered":"<p>POLITICA DE CONFIDEN\u021aIALITATE Valabil\u0103 de la: 01.01.2025 Prezenta Politic\u0103 de Confiden\u021bialitate descrie modul \u00een care MATYAS-IANOS SZABOLCS \u00ceNTREPRINDERE INDIVIDUAL\u0102 (denumit\u0103<\/p>","protected":false},"author":1,"featured_media":0,"parent":0,"menu_order":0,"comment_status":"closed","ping_status":"closed","template":"","meta":{"footnotes":""},"class_list":["post-27791","page","type-page","status-publish","hentry"],"_links":{"self":[{"href":"https:\/\/www.solgreen.ro\/ro\/wp-json\/wp\/v2\/pages\/27791","targetHints":{"allow":["GET"]}}],"collection":[{"href":"https:\/\/www.solgreen.ro\/ro\/wp-json\/wp\/v2\/pages"}],"about":[{"href":"https:\/\/www.solgreen.ro\/ro\/wp-json\/wp\/v2\/types\/page"}],"author":[{"embeddable":true,"href":"https:\/\/www.solgreen.ro\/ro\/wp-json\/wp\/v2\/users\/1"}],"replies":[{"embeddable":true,"href":"https:\/\/www.solgreen.ro\/ro\/wp-json\/wp\/v2\/comments?post=27791"}],"version-history":[{"count":13,"href":"https:\/\/www.solgreen.ro\/ro\/wp-json\/wp\/v2\/pages\/27791\/revisions"}],"predecessor-version":[{"id":28180,"href":"https:\/\/www.solgreen.ro\/ro\/wp-json\/wp\/v2\/pages\/27791\/revisions\/28180"}],"wp:attachment":[{"href":"https:\/\/www.solgreen.ro\/ro\/wp-json\/wp\/v2\/media?parent=27791"}],"curies":[{"name":"wp","href":"https:\/\/api.w.org\/{rel}","templated":true}]}}