{"id":4400,"date":"2021-10-12T15:51:09","date_gmt":"2021-10-12T15:51:09","guid":{"rendered":"http:\/\/dummy.xtemos.com\/woodmart2\/elementor\/?page_id=4400"},"modified":"2024-12-13T10:32:41","modified_gmt":"2024-12-13T10:32:41","slug":"about-us-3","status":"publish","type":"page","link":"https:\/\/www.solgreen.ro\/ro\/about-us-3\/","title":{"rendered":"About us"},"content":{"rendered":"<div data-elementor-type=\"wp-page\" data-elementor-id=\"4400\" class=\"elementor elementor-4400\">\n\t\t\t\t<div class=\"elementor-element elementor-element-7c7c544 e-flex e-con-boxed e-con e-parent\" data-id=\"7c7c544\" data-element_type=\"container\">\n\t\t\t\t\t<div class=\"e-con-inner\">\n\t\t<div class=\"elementor-element elementor-element-e7cb5cd e-con-full e-flex e-con e-child\" data-id=\"e7cb5cd\" data-element_type=\"container\">\n\t\t\t\t<div class=\"elementor-element elementor-element-56aec39 elementor-widget__width-initial elementor-widget elementor-widget-wd_image_or_svg\" data-id=\"56aec39\" data-element_type=\"widget\" data-widget_type=\"wd_image_or_svg.default\">\n\t\t\t\t<div class=\"elementor-widget-container\">\n\t\t\t\n\t\t<div class=\"wd-image text-left\">\n\t\t\t\t\t\t\t\t<img fetchpriority=\"high\" decoding=\"async\" width=\"1067\" height=\"800\" src=\"https:\/\/www.solgreen.ro\/wp-content\/uploads\/2024\/08\/4-1067x800.jpeg\" class=\"attachment-large size-large\" alt=\"\" srcset=\"https:\/\/www.solgreen.ro\/wp-content\/uploads\/2024\/08\/4-1067x800.jpeg 1067w, https:\/\/www.solgreen.ro\/wp-content\/uploads\/2024\/08\/4-400x300.jpeg 400w, https:\/\/www.solgreen.ro\/wp-content\/uploads\/2024\/08\/4-768x576.jpeg 768w, https:\/\/www.solgreen.ro\/wp-content\/uploads\/2024\/08\/4-1536x1152.jpeg 1536w, https:\/\/www.solgreen.ro\/wp-content\/uploads\/2024\/08\/4-16x12.jpeg 16w, https:\/\/www.solgreen.ro\/wp-content\/uploads\/2024\/08\/4-1320x990.jpeg 1320w, https:\/\/www.solgreen.ro\/wp-content\/uploads\/2024\/08\/4-430x323.jpeg 430w, https:\/\/www.solgreen.ro\/wp-content\/uploads\/2024\/08\/4-700x525.jpeg 700w, https:\/\/www.solgreen.ro\/wp-content\/uploads\/2024\/08\/4-150x113.jpeg 150w, https:\/\/www.solgreen.ro\/wp-content\/uploads\/2024\/08\/4.jpeg 1600w\" sizes=\"(max-width: 1067px) 100vw, 1067px\" \/>\t\t\t\t\t<\/div>\n\n\t\t\t\t<\/div>\n\t\t\t\t<\/div>\n\t\t\t\t<\/div>\n\t\t<div class=\"elementor-element elementor-element-97d6084 e-con-full e-flex e-con e-child\" data-id=\"97d6084\" data-element_type=\"container\">\n\t\t\t\t<div class=\"elementor-element elementor-element-98d830b elementor-widget__width-initial wd-width-100 elementor-widget elementor-widget-wd_title\" data-id=\"98d830b\" data-element_type=\"widget\" data-widget_type=\"wd_title.default\">\n\t\t\t\t<div class=\"elementor-widget-container\">\n\t\t\t\t\t<div class=\"title-wrapper set-mb-s reset-last-child wd-title-color-primary wd-title-style-default wd-title-size-large text-left\">\n\n\t\t\t\t\t\t\t<div class=\"title-subtitle subtitle-color-primary subtitle-style-default wd-fontsize-xs\">\n\t\t\t\t\tSolGreen\t\t\t\t<\/div>\n\t\t\t\n\t\t\t<div class=\"liner-continer\">\n\t\t\t\t<h4 class=\"woodmart-title-container title wd-fontsize-xxl\">Prezentarea fermei<\/h4> \n\t\t\t\t\t\t\t<\/div>\n\n\t\t\t\t\t<\/div>\n\t\t\t\t<\/div>\n\t\t\t\t<\/div>\n\t\t\t\t<div class=\"elementor-element elementor-element-66e47ad elementor-widget elementor-widget-wd_text_block\" data-id=\"66e47ad\" data-element_type=\"widget\" data-widget_type=\"wd_text_block.default\">\n\t\t\t\t<div class=\"elementor-widget-container\">\n\t\t\t\t\t<div class=\"wd-text-block reset-last-child text-left\">\n\t\t\t\n\t\t\t<p>Afacerea noastr\u0103 a luat na\u0219tere \u00een prim\u0103vara anului 2018, ca rezultat al dorin\u021bei de dezvoltare, plas\u00e2nd o voca\u021bie \u0219i un stil de via\u021b\u0103 \u00een cadre legale. Debutarea noastr\u0103 a fost sus\u021binut\u0103 nu doar de capital propriu, ci \u0219i de fonduri guvernamentale \u0219i europene, care au contribuit \u00een achizi\u021bia de ma\u0219ini \u0219i echipamente agricole necesare pentru produc\u021bia de cartofi.<\/p><p>Ca mic\u0103 ferm\u0103, competitivitatea noastr\u0103 nu se bazeaz\u0103 doar pe cantitatea produselor ob\u021binute, ci \u0219i pe calitatea acestora, care este rezultatul dedic\u0103rii, a muncii precise \u0219i devotate.<\/p><p>Scopul nostru const\u0103 \u00een realizarea unui lan\u021b scurt \u00eentre fermier \u0219i cump\u0103r\u0103tor, satisf\u0103c\u00e2nd astfel cerin\u021bele consumatorilor pentru calitate \u0219i ajut\u00e2nd la supravie\u021buirea \u0219i dezvoltarea micii ferme locale, \u00een speran\u021ba unui viitor mai bun.<\/p>\n\t\t\t\t\t<\/div>\n\t\t\t\t<\/div>\n\t\t\t\t<\/div>\n\t\t<div class=\"elementor-element elementor-element-3eef7d8 e-con-full e-flex e-con e-child\" data-id=\"3eef7d8\" data-element_type=\"container\">\n\t\t\t\t<\/div>\n\t\t\t\t<\/div>\n\t\t\t\t\t<\/div>\n\t\t\t\t<\/div>\n\t\t<div class=\"wd-negative-gap elementor-element elementor-element-ff0a87b e-flex e-con-boxed e-con e-parent\" data-id=\"ff0a87b\" data-element_type=\"container\">\n\t\t\t\t\t<div class=\"e-con-inner\">\n\t\t\t\t<div class=\"elementor-element elementor-element-c33dfac elementor-widget elementor-widget-google_maps\" data-id=\"c33dfac\" data-element_type=\"widget\" data-widget_type=\"google_maps.default\">\n\t\t\t\t<div class=\"elementor-widget-container\">\n\t\t\t<style>\/*! elementor - v3.21.0 - 26-05-2024 *\/\n.elementor-widget-google_maps .elementor-widget-container{overflow:hidden}.elementor-widget-google_maps .elementor-custom-embed{line-height:0}.elementor-widget-google_maps iframe{height:300px}<\/style>\t\t<div class=\"elementor-custom-embed\">\n\t\t\t<iframe loading=\"lazy\"\n\t\t\t\t\tsrc=\"https:\/\/maps.google.com\/maps?q=46.265254%2C%2025.962081&#038;t=m&#038;z=14&#038;output=embed&#038;iwloc=near\"\n\t\t\t\t\ttitle=\"46.265254, 25.962081\"\n\t\t\t\t\taria-label=\"46.265254, 25.962081\"\n\t\t\t><\/iframe>\n\t\t<\/div>\n\t\t\t\t<\/div>\n\t\t\t\t<\/div>\n\t\t\t\t\t<\/div>\n\t\t\t\t<\/div>\n\t\t\t\t<\/div>","protected":false},"excerpt":{"rendered":"<p>SolGreen Farm bemutat\u00e1sa V\u00e1llalkoz\u00e1sunk 2018 tavasz\u00e1n l\u00e1tott napvil\u00e1got, egy \u00e9lethivat\u00e1s, \u00e9letforma, jogi keretek k\u00f6z\u00e9 helyez\u00e9sek\u00e9nt, a fejl\u0151dni akar\u00e1s v\u00e9geredm\u00e9nyek\u00e9nt. Elindul\u00e1sunkat<\/p>","protected":false},"author":1,"featured_media":0,"parent":0,"menu_order":0,"comment_status":"closed","ping_status":"closed","template":"","meta":{"footnotes":""},"class_list":["post-4400","page","type-page","status-publish","hentry"],"_links":{"self":[{"href":"https:\/\/www.solgreen.ro\/ro\/wp-json\/wp\/v2\/pages\/4400","targetHints":{"allow":["GET"]}}],"collection":[{"href":"https:\/\/www.solgreen.ro\/ro\/wp-json\/wp\/v2\/pages"}],"about":[{"href":"https:\/\/www.solgreen.ro\/ro\/wp-json\/wp\/v2\/types\/page"}],"author":[{"embeddable":true,"href":"https:\/\/www.solgreen.ro\/ro\/wp-json\/wp\/v2\/users\/1"}],"replies":[{"embeddable":true,"href":"https:\/\/www.solgreen.ro\/ro\/wp-json\/wp\/v2\/comments?post=4400"}],"version-history":[{"count":15,"href":"https:\/\/www.solgreen.ro\/ro\/wp-json\/wp\/v2\/pages\/4400\/revisions"}],"predecessor-version":[{"id":27774,"href":"https:\/\/www.solgreen.ro\/ro\/wp-json\/wp\/v2\/pages\/4400\/revisions\/27774"}],"wp:attachment":[{"href":"https:\/\/www.solgreen.ro\/ro\/wp-json\/wp\/v2\/media?parent=4400"}],"curies":[{"name":"wp","href":"https:\/\/api.w.org\/{rel}","templated":true}]}}