{"id":4439,"date":"2021-10-12T16:27:24","date_gmt":"2021-10-12T16:27:24","guid":{"rendered":"http:\/\/dummy.xtemos.com\/woodmart2\/elementor\/?page_id=4439"},"modified":"2025-07-03T13:06:06","modified_gmt":"2025-07-03T13:06:06","slug":"contact-us","status":"publish","type":"page","link":"https:\/\/www.solgreen.ro\/ro\/contact-us\/","title":{"rendered":"Contact us"},"content":{"rendered":"<div data-elementor-type=\"wp-page\" data-elementor-id=\"4439\" class=\"elementor elementor-4439\">\n\t\t\t\t<div class=\"elementor-element elementor-element-6540fce e-con-full e-flex e-con e-parent\" data-id=\"6540fce\" data-element_type=\"container\">\n\t\t\t\t<div class=\"elementor-element elementor-element-7434a32 elementor-widget elementor-widget-html\" data-id=\"7434a32\" data-element_type=\"widget\" data-widget_type=\"html.default\">\n\t\t\t\t<div class=\"elementor-widget-container\">\n\t\t\t<iframe\n  height=\"450\"\n  style=\"border:0\"\n  loading=\"lazy\"\n  allowfullscreen\n referrerpolicy=\"no-referrer-when-downgrade\"\n  src=\"https:\/\/www.google.com\/maps\/embed\/v1\/place?key=AIzaSyCigFAdIFyLR47o52mYA604nM7kD9zWpiA    &q=46.265254, 25.962081\">\n<\/iframe>\t\t<\/div>\n\t\t\t\t<\/div>\n\t\t\t\t<\/div>\n\t\t<div class=\"wd-negative-gap elementor-element elementor-element-cb322d0 e-flex e-con-boxed e-con e-parent\" data-id=\"cb322d0\" data-element_type=\"container\">\n\t\t\t\t\t<div class=\"e-con-inner\">\n\t\t<div class=\"elementor-element elementor-element-1f0abe4 e-con-full e-flex e-con e-child\" data-id=\"1f0abe4\" data-element_type=\"container\">\n\t\t\t\t<div class=\"elementor-element elementor-element-071523a wd-width-100 elementor-widget elementor-widget-wd_title\" data-id=\"071523a\" data-element_type=\"widget\" data-widget_type=\"wd_title.default\">\n\t\t\t\t<div class=\"elementor-widget-container\">\n\t\t\t\t\t<div class=\"title-wrapper set-mb-s reset-last-child wd-title-color-default wd-title-style-default wd-title-size-default text-left\">\n\n\t\t\t\t\t\t\t<div class=\"title-subtitle subtitle-color-default subtitle-style-default wd-fontsize-xs\">\n\t\t\t\t\tINFORMA\u021aII\t\t\t\t<\/div>\n\t\t\t\n\t\t\t<div class=\"liner-continer\">\n\t\t\t\t<h4 class=\"woodmart-title-container title wd-fontsize-l\">\u00ceNTREB\u0102RI FRECVENTE<\/h4> \n\t\t\t\t\t\t\t<\/div>\n\n\t\t\t\t\t<\/div>\n\t\t\t\t<\/div>\n\t\t\t\t<\/div>\n\t\t\t\t<div class=\"elementor-element elementor-element-2a7c1c6 elementor-widget elementor-widget-wd_accordion\" data-id=\"2a7c1c6\" data-element_type=\"widget\" data-widget_type=\"wd_accordion.default\">\n\t\t\t\t<div class=\"elementor-widget-container\">\n\t\t\t\n\t\t<div class=\"wd-accordion wd-style-default\" data-state=\"first\">\n\t\t\t\t\t\t\t\n\t\t\t\t<div class=\"wd-accordion-item\">\n\t\t\t\t\t<div class=\"wd-accordion-title wd-active text-left wd-opener-pos-right\" data-accordion-index=\"0\">\n\t\t\t\t\t\t<div class=\"wd-accordion-title-text\">\n\t\t\t\t\t\t\t\t\t\t\t\t\t\t<span>\n\t\t\t\t\t\t\t\tDe c\u00e2nd pot comanda?\t\t\t\t\t\t\t<\/span>\n\t\t\t\t\t\t<\/div>\n\t\t\t\t\t\t<span class=\"wd-accordion-opener wd-opener-style-arrow\"><\/span>\n\t\t\t\t\t<\/div>\n\n\t\t\t\t\t<div class=\"wd-accordion-content reset-last-child wd-active\" data-accordion-index=\"0\">\n\t\t\t\t\t\t\t\t\t\t\t\t\t\n\t\t\t\t\t\t\t<p>\u00cen prezent, toate cartofii no\u0219tri sunt epuiza\u021bi. Urm\u0103toarea perioad\u0103 de livrare va \u00eencepe toamna, odat\u0103 cu recoltarea noii produc\u021bii.\nVom publica data exact\u0103 pe site-ul nostru \u0219i pe paginile de social media, imediat ce este disponibil\u0103.\n\u00ce\u021bi mul\u021bumim pentru r\u0103bdare \u0219i interes \u2013 abia a\u0219tept\u0103m s\u0103 \u00ee\u021bi trimitem din nou cartofii no\u0219tri proaspe\u021bi \u0219i gusto\u0219i! <strong data-start=\"280\" data-end=\"290\">\u0151sszel<\/strong> indul, amikor az \u00faj term\u00e9s betakar\u00edt\u00e1sa megt\u00f6rt\u00e9nik. A pontos kezd\u00e9si d\u00e1tumot k\u00f6zz\u00e9tessz\u00fck a weboldalunkon \u00e9s k\u00f6z\u00f6ss\u00e9gi m\u00e9dia fel\u00fcleteinken, amint el\u00e9rhet\u0151v\u00e9 v\u00e1lik.<br data-start=\"455\" data-end=\"458\" \/>K\u00f6sz\u00f6nj\u00fck a t\u00fcrelmed \u00e9s az \u00e9rdekl\u0151d\u00e9sed \u2013 nagyon v\u00e1rjuk, hogy ism\u00e9t friss, \u00edzletes burgony\u00e1t k\u00fcldhess\u00fcnk neked!<\/p>\n\t\t\t\t\t\t\t\t\t\t\t\t\t\t\t\t\t\t<\/div>\n\t\t\t\t<\/div>\n\t\t\t\t\t\t\t\n\t\t\t\t<div class=\"wd-accordion-item\">\n\t\t\t\t\t<div class=\"wd-accordion-title text-left wd-opener-pos-right\" data-accordion-index=\"1\">\n\t\t\t\t\t\t<div class=\"wd-accordion-title-text\">\n\t\t\t\t\t\t\t\t\t\t\t\t\t\t<span>\n\t\t\t\t\t\t\t\tCare este cantitatea minim\u0103 de comand\u0103?\t\t\t\t\t\t\t<\/span>\n\t\t\t\t\t\t<\/div>\n\t\t\t\t\t\t<span class=\"wd-accordion-opener wd-opener-style-arrow\"><\/span>\n\t\t\t\t\t<\/div>\n\n\t\t\t\t\t<div class=\"wd-accordion-content reset-last-child\" data-accordion-index=\"1\">\n\t\t\t\t\t\t\t\t\t\t\t\t\t\n\t\t\t\t\t\t\t<p>Cantitatea minim\u0103 de comand\u0103 este de <strong data-start=\"654\" data-end=\"670\">10 kilograme<\/strong>, din orice soi disponibil.<br data-start=\"713\" data-end=\"716\" \/>Este o cantitate potrivit\u0103 at\u00e2t pentru gospod\u0103rii, c\u00e2t \u0219i pentru cei care doresc s\u0103 \u00eencerce mai multe soiuri. Desigur, po\u021bi comanda \u0219i o cantitate mai mare \u2013 toate op\u021biunile sunt disponibile \u00een magazinul online.<\/p>\n\t\t\t\t\t\t\t\t\t\t\t\t\t\t\t\t\t\t<\/div>\n\t\t\t\t<\/div>\n\t\t\t\t\t\t\t\n\t\t\t\t<div class=\"wd-accordion-item\">\n\t\t\t\t\t<div class=\"wd-accordion-title text-left wd-opener-pos-right\" data-accordion-index=\"2\">\n\t\t\t\t\t\t<div class=\"wd-accordion-title-text\">\n\t\t\t\t\t\t\t\t\t\t\t\t\t\t<span>\n\t\t\t\t\t\t\t\tCum se face livrarea?\t\t\t\t\t\t\t<\/span>\n\t\t\t\t\t\t<\/div>\n\t\t\t\t\t\t<span class=\"wd-accordion-opener wd-opener-style-arrow\"><\/span>\n\t\t\t\t\t<\/div>\n\n\t\t\t\t\t<div class=\"wd-accordion-content reset-last-child\" data-accordion-index=\"2\">\n\t\t\t\t\t\t\t\t\t\t\t\t\t\n\t\t\t\t\t\t\t<p>Expediem comenzile <strong data-start=\"1001\" data-end=\"1065\">oriunde \u00een \u021bar\u0103, prin serviciul de curierat Fan Courier.<\/strong>, b\u00e1rhov\u00e1 Rom\u00e1ni\u00e1n bel\u00fcl.<br data-start=\"1096\" data-end=\"1099\" \/>Ambal\u0103m cartofii cu grij\u0103, astfel \u00eenc\u00e2t s\u0103 ajung\u0103 proaspe\u021bi \u0219i \u00een stare perfect\u0103 la tine acas\u0103. Dup\u0103 plasarea comenzii, vei primi un e-mail de confirmare \u0219i informa\u021bii despre data estimativ\u0103 de livrare.<br data-start=\"1308\" data-end=\"1311\" \/>Costul transportului poate varia \u00een func\u021bie de greutate \u0219i de adresa de livrare \u2013 toate detaliile sunt disponibile \u00een timpul comenzii.<\/p>\n\t\t\t\t\t\t\t\t\t\t\t\t\t\t\t\t\t\t<\/div>\n\t\t\t\t<\/div>\n\t\t\t\t\t\t\t\n\t\t\t\t<div class=\"wd-accordion-item\">\n\t\t\t\t\t<div class=\"wd-accordion-title text-left wd-opener-pos-right\" data-accordion-index=\"3\">\n\t\t\t\t\t\t<div class=\"wd-accordion-title-text\">\n\t\t\t\t\t\t\t\t\t\t\t\t\t\t<span>\n\t\t\t\t\t\t\t\tUnde se afl\u0103 ferma voastr\u0103?\t\t\t\t\t\t\t<\/span>\n\t\t\t\t\t\t<\/div>\n\t\t\t\t\t\t<span class=\"wd-accordion-opener wd-opener-style-arrow\"><\/span>\n\t\t\t\t\t<\/div>\n\n\t\t\t\t\t<div class=\"wd-accordion-content reset-last-child\" data-accordion-index=\"3\">\n\t\t\t\t\t\t\t\t\t\t\t\t\t\n\t\t\t\t\t\t\t<p>Ferma noastr\u0103 de cartofi se afl\u0103 \u00een <strong data-start=\"300\" data-end=\"317\">S\u00e2nmartin<\/strong>, jude\u021bul Harghita, \u00een inima \u021ainutului Secuiesc.<br data-start=\"368\" data-end=\"371\" \/>Aici, \u00een aerul curat de munte \u0219i \u00eentr-un mediu natural, cultiv\u0103m cu grij\u0103 cartofii no\u0219tri de calitate superioar\u0103 \u2013 cu dragoste, aten\u021bie \u0219i respect fa\u021b\u0103 de tradi\u021bii.<\/p>\n\t\t\t\t\t\t\t\t\t\t\t\t\t\t\t\t\t\t<\/div>\n\t\t\t\t<\/div>\n\t\t\t\t\t\t\t\n\t\t\t\t<div class=\"wd-accordion-item\">\n\t\t\t\t\t<div class=\"wd-accordion-title text-left wd-opener-pos-right\" data-accordion-index=\"4\">\n\t\t\t\t\t\t<div class=\"wd-accordion-title-text\">\n\t\t\t\t\t\t\t\t\t\t\t\t\t\t<span>\n\t\t\t\t\t\t\t\tCe soiuri cultiva\u021bi?\t\t\t\t\t\t\t<\/span>\n\t\t\t\t\t\t<\/div>\n\t\t\t\t\t\t<span class=\"wd-accordion-opener wd-opener-style-arrow\"><\/span>\n\t\t\t\t\t<\/div>\n\n\t\t\t\t\t<div class=\"wd-accordion-content reset-last-child\" data-accordion-index=\"4\">\n\t\t\t\t\t\t\t\t\t\t\t\t\t\n\t\t\t\t\t\t\t<p data-start=\"574\" data-end=\"652\">\u00cen prezent oferim trei soiuri atent selec\u021bionate de cartofi:<\/p><ul data-start=\"653\" data-end=\"934\"><li data-start=\"653\" data-end=\"722\"><p data-start=\"655\" data-end=\"722\"><strong data-start=\"655\" data-end=\"664\">Laura<\/strong> \u2013 cu coaj\u0103 ro\u0219ie, ideal\u0103 pentru g\u0103tit \u0219i pr\u0103jit.<\/p><\/li><li data-start=\"723\" data-end=\"788\"><p data-start=\"725\" data-end=\"788\"><strong data-start=\"725\" data-end=\"736\">Bernina<\/strong> \u2013 cu coaj\u0103 galben\u0103, textur\u0103 fin\u0103, versatil\u0103 \u00een buc\u0103t\u0103rie.<\/p><\/li><li data-start=\"789\" data-end=\"934\"><p data-start=\"791\" data-end=\"934\"><strong data-start=\"791\" data-end=\"804\">Bellarosa<\/strong> \u2013 soi timpuriu, cu gust intens \u0219i p\u0103strare excelent\u0103.<br data-start=\"864\" data-end=\"867\" \/>Toate sunt cultivate exclusiv pe terenurile noastre proprii, f\u0103r\u0103 pesticide.<\/p><\/li><\/ul>\n\t\t\t\t\t\t\t\t\t\t\t\t\t\t\t\t\t\t<\/div>\n\t\t\t\t<\/div>\n\t\t\t\t\t\t\t\n\t\t\t\t<div class=\"wd-accordion-item\">\n\t\t\t\t\t<div class=\"wd-accordion-title text-left wd-opener-pos-right\" data-accordion-index=\"5\">\n\t\t\t\t\t\t<div class=\"wd-accordion-title-text\">\n\t\t\t\t\t\t\t\t\t\t\t\t\t\t<span>\n\t\t\t\t\t\t\t\tCum cultiva\u021bi cartofii?\t\t\t\t\t\t\t<\/span>\n\t\t\t\t\t\t<\/div>\n\t\t\t\t\t\t<span class=\"wd-accordion-opener wd-opener-style-arrow\"><\/span>\n\t\t\t\t\t<\/div>\n\n\t\t\t\t\t<div class=\"wd-accordion-content reset-last-child\" data-accordion-index=\"5\">\n\t\t\t\t\t\t\t\t\t\t\t\t\t\n\t\t\t\t\t\t\t<p>Cartofii sunt cultiva\u021bi <strong data-start=\"1001\" data-end=\"1069\">\u00een propria noastr\u0103 ferm\u0103, \u00een condi\u021bii naturale<\/strong>, f\u0103r\u0103 substan\u021be chimice \u0219i \u00een conformitate cu principiile agriculturii durabile.<br data-start=\"1133\" data-end=\"1136\" \/>Acord\u0103m o aten\u021bie deosebit\u0103 calit\u0103\u021bii solului, rota\u021biei culturilor \u0219i muncii manuale \u2013 credem c\u0103 un produs \u00eengrijit cu r\u0103bdare ofer\u0103 cel mai bun gust.<\/p>\n\t\t\t\t\t\t\t\t\t\t\t\t\t\t\t\t\t\t<\/div>\n\t\t\t\t<\/div>\n\t\t\t\t\t<\/div>\n\t\t\t\t<\/div>\n\t\t\t\t<\/div>\n\t\t\t\t<\/div>\n\t\t<div class=\"elementor-element elementor-element-789122a e-con-full e-flex e-con e-child\" data-id=\"789122a\" data-element_type=\"container\">\n\t\t\t\t<div class=\"elementor-element elementor-element-775ddc4 wd-width-100 elementor-widget elementor-widget-wd_title\" data-id=\"775ddc4\" data-element_type=\"widget\" data-widget_type=\"wd_title.default\">\n\t\t\t\t<div class=\"elementor-widget-container\">\n\t\t\t\t\t<div class=\"title-wrapper set-mb-s reset-last-child wd-title-color-default wd-title-style-default wd-title-size-default text-left\">\n\n\t\t\t\t\t\t\t<div class=\"title-subtitle subtitle-color-default subtitle-style-default wd-fontsize-xs\">\n\t\t\t\t\tINFORMA\u021aII DESPRE NOI\t\t\t\t<\/div>\n\t\t\t\n\t\t\t<div class=\"liner-continer\">\n\t\t\t\t<h4 class=\"woodmart-title-container title wd-fontsize-l\">CONTACTEAZ\u0102-NE<\/h4> \n\t\t\t\t\t\t\t<\/div>\n\n\t\t\t\t\t<\/div>\n\t\t\t\t<\/div>\n\t\t\t\t<\/div>\n\t\t\t\t<div class=\"elementor-element elementor-element-3c67846 elementor-widget elementor-widget-wd_contact_form_7\" data-id=\"3c67846\" data-element_type=\"widget\" data-widget_type=\"wd_contact_form_7.default\">\n\t\t\t\t<div class=\"elementor-widget-container\">\n\t\t\t\n<div class=\"wpcf7 no-js\" id=\"wpcf7-f1572-o1\" lang=\"en-US\" dir=\"ltr\">\n<div class=\"screen-reader-response\"><p role=\"status\" aria-live=\"polite\" aria-atomic=\"true\"><\/p> <ul><\/ul><\/div>\n<form action=\"\/ro\/wp-json\/wp\/v2\/pages\/4439#wpcf7-f1572-o1\" method=\"post\" class=\"wpcf7-form init\" aria-label=\"Contact form\" novalidate=\"novalidate\" data-status=\"init\" data-trp-original-action=\"\/ro\/wp-json\/wp\/v2\/pages\/4439#wpcf7-f1572-o1\">\n<div style=\"display: none;\">\n<input type=\"hidden\" name=\"_wpcf7\" value=\"1572\" \/>\n<input type=\"hidden\" name=\"_wpcf7_version\" value=\"5.9.5\" \/>\n<input type=\"hidden\" name=\"_wpcf7_locale\" value=\"en_US\" \/>\n<input type=\"hidden\" name=\"_wpcf7_unit_tag\" value=\"wpcf7-f1572-o1\" \/>\n<input type=\"hidden\" name=\"_wpcf7_container_post\" value=\"0\" \/>\n<input type=\"hidden\" name=\"_wpcf7_posted_data_hash\" value=\"\" \/>\n<\/div>\n<div class=\"row\">\n\t<p class=\"col-md-6\"><label>Nume<\/label><span class=\"wpcf7-form-control-wrap\" data-name=\"your-name\"><input size=\"40\" class=\"wpcf7-form-control wpcf7-text wpcf7-validates-as-required\" aria-required=\"true\" aria-invalid=\"false\" value=\"\" type=\"text\" name=\"your-name\" \/><\/span>\n\t<\/p>\n\t<p class=\"col-md-6\"><label>Email<\/label><span class=\"wpcf7-form-control-wrap\" data-name=\"your-email\"><input size=\"40\" class=\"wpcf7-form-control wpcf7-email wpcf7-validates-as-required wpcf7-text wpcf7-validates-as-email\" aria-required=\"true\" aria-invalid=\"false\" value=\"\" type=\"email\" name=\"your-email\" \/><\/span>\n\t<\/p>\n<\/div>\n<div class=\"row\">\n\t<p class=\"col-md-6\"><label>Num\u0103r de telefon<\/label><span class=\"wpcf7-form-control-wrap\" data-name=\"tel-767\"><input size=\"40\" class=\"wpcf7-form-control wpcf7-tel wpcf7-text wpcf7-validates-as-tel\" aria-invalid=\"false\" value=\"\" type=\"tel\" name=\"tel-767\" \/><\/span>\n\t<\/p>\n\t<p class=\"col-md-6\"><label>Companie<\/label><span class=\"wpcf7-form-control-wrap\" data-name=\"text-1\"><input size=\"40\" class=\"wpcf7-form-control wpcf7-text\" aria-invalid=\"false\" value=\"\" type=\"text\" name=\"text-1\" \/><\/span>\n\t<\/p>\n<\/div>\n<p><label>Mesaj<\/label><span class=\"wpcf7-form-control-wrap\" data-name=\"your-message\"><textarea cols=\"40\" rows=\"10\" class=\"wpcf7-form-control wpcf7-textarea\" aria-invalid=\"false\" name=\"your-message\"><\/textarea><\/span>\n<\/p>\n<p><input class=\"wpcf7-form-control wpcf7-submit has-spinner btn-color-black\" type=\"submit\" value=\"ASK A QUESTION\" \/>\n<\/p><div class=\"wpcf7-response-output\" aria-hidden=\"true\"><\/div>\n<input type=\"hidden\" name=\"trp-form-language\" value=\"ro\"\/><\/form>\n<\/div>\n\t\t<\/div>\n\t\t\t\t<\/div>\n\t\t\t\t<\/div>\n\t\t\t\t\t<\/div>\n\t\t\t\t<\/div>\n\t\t\t\t<\/div>","protected":false},"excerpt":{"rendered":"<p>INFORM\u00c1CI\u00d3K GYAKRAN ISM\u00c9TELT K\u00c9RD\u00c9SEK Mikort\u00f3l tudok rendelni? Jelenleg az \u00f6sszes burgony\u00e1nk elfogyott, mivel szezon\u00e1lis term\u00e9kr\u0151l van sz\u00f3. A k\u00f6vetkez\u0151 rendel\u00e9si<\/p>","protected":false},"author":1,"featured_media":0,"parent":0,"menu_order":0,"comment_status":"closed","ping_status":"closed","template":"","meta":{"footnotes":""},"class_list":["post-4439","page","type-page","status-publish","hentry"],"_links":{"self":[{"href":"https:\/\/www.solgreen.ro\/ro\/wp-json\/wp\/v2\/pages\/4439","targetHints":{"allow":["GET"]}}],"collection":[{"href":"https:\/\/www.solgreen.ro\/ro\/wp-json\/wp\/v2\/pages"}],"about":[{"href":"https:\/\/www.solgreen.ro\/ro\/wp-json\/wp\/v2\/types\/page"}],"author":[{"embeddable":true,"href":"https:\/\/www.solgreen.ro\/ro\/wp-json\/wp\/v2\/users\/1"}],"replies":[{"embeddable":true,"href":"https:\/\/www.solgreen.ro\/ro\/wp-json\/wp\/v2\/comments?post=4439"}],"version-history":[{"count":28,"href":"https:\/\/www.solgreen.ro\/ro\/wp-json\/wp\/v2\/pages\/4439\/revisions"}],"predecessor-version":[{"id":27823,"href":"https:\/\/www.solgreen.ro\/ro\/wp-json\/wp\/v2\/pages\/4439\/revisions\/27823"}],"wp:attachment":[{"href":"https:\/\/www.solgreen.ro\/ro\/wp-json\/wp\/v2\/media?parent=4439"}],"curies":[{"name":"wp","href":"https:\/\/api.w.org\/{rel}","templated":true}]}}