{"id":381,"date":"2021-08-27T12:02:01","date_gmt":"2021-08-27T12:02:01","guid":{"rendered":"http:\/\/dummy.xtemos.com\/woodmart2\/elementor\/?post_type=product&#038;p=381"},"modified":"2025-12-02T11:55:50","modified_gmt":"2025-12-02T11:55:50","slug":"bellarosa","status":"publish","type":"product","link":"https:\/\/www.solgreen.ro\/ro\/product\/bellarosa\/","title":{"rendered":"Bellarosa"},"content":{"rendered":"<div data-elementor-type=\"wp-post\" data-elementor-id=\"381\" class=\"elementor elementor-381\">\n\t\t\t\t<div class=\"wd-negative-gap elementor-element elementor-element-2f0d357 e-flex e-con-boxed e-con e-parent\" data-id=\"2f0d357\" data-element_type=\"container\">\n\t\t\t\t\t<div class=\"e-con-inner\">\n\t\t\t\t<div class=\"elementor-element elementor-element-fbaa851 elementor-widget__width-initial elementor-widget elementor-widget-wd_text_block\" data-id=\"fbaa851\" data-element_type=\"widget\" data-widget_type=\"wd_text_block.default\">\n\t\t\t\t<div class=\"elementor-widget-container\">\n\t\t\t\t\t<div class=\"wd-text-block reset-last-child text-left\">\n\t\t\t\n\t\t\tLa acest soi, coaja este de culoare ro\u0219u-roz. Mugurii sunt superficiali, ceea ce permite decojirea rapid\u0103 \u0219i u\u0219oar\u0103 a cartofului Bellarosa. Pulpa de culoare galben deschis nu se \u00eennegre\u0219te nici crud\u0103, nici g\u0103tit\u0103, ceea ce este o caracteristic\u0103 valoroas\u0103 printre cartofi. Acest soi gustos \u0219i productiv, care produce tuberculi ovali, este apreciat de fermieri \u0219i gr\u0103dinari. Printre numeroasele avantaje ale Bellarosa se num\u0103r\u0103 durabilitatea ridicat\u0103 la depozitare \u0219i rezisten\u021ba la factorii externi, ceea ce o face u\u0219or de p\u0103strat.\nEste un cartof de consum cu utilizare mixt\u0103, perfect pentru cartofi pr\u0103ji\u021bi. Conform clasific\u0103rii utiliz\u0103rii, se \u00eencadreaz\u0103 \u00een categoria (B) adecvat\u0103 pentru g\u0103tit. Tuberculul se poate fierbe u\u0219or, structura sa devenind u\u0219or f\u0103inoas\u0103 \u0219i s\u0103poas\u0103. Textura cartofului este de granula\u021bie medie.\n\t\t\t\t\t<\/div>\n\t\t\t\t<\/div>\n\t\t\t\t<\/div>\n\t\t\t\t\t<\/div>\n\t\t\t\t<\/div>\n\t\t\t\t<\/div>","protected":false},"excerpt":{"rendered":"<p>Cartoful Bellarosa are o coaj\u0103 de culoare ro\u0219u-roz \u0219i se cur\u0103\u021b\u0103 u\u0219or. Pulpa sa galben deschis nu se \u00eennegre\u0219te nici crud\u0103, nici dup\u0103 fierbere, ceea ce este un avantaj. Produce tuberculi ovali, care se p\u0103streaz\u0103 bine \u0219i sunt rezisten\u021bi la factorii externi. Este un cartof mixt, potrivit at\u00e2t pentru consum, c\u00e2t \u0219i pentru prepararea de cartofi pr\u0103ji\u021bi. Se \u00eencadreaz\u0103 \u00een tipul de g\u0103tit B, av\u00e2nd o textur\u0103 de granula\u021bie medie, u\u0219or f\u0103inoas\u0103, care poate deveni u\u0219or s\u0103punoas\u0103 \u00een timpul fierberii.<\/p>","protected":false},"featured_media":27186,"template":"","meta":[],"product_cat":[76],"product_tag":[77],"class_list":{"0":"post-381","1":"product","2":"type-product","3":"status-publish","4":"has-post-thumbnail","6":"product_cat-sutni-valo","7":"product_tag-sutni-valo","9":"first","10":"outofstock","11":"shipping-taxable","12":"purchasable","13":"product-type-simple"},"group_of_quantity":0,"min_quantity":10,"max_quantity":"","exclude_order_quantity_value_rules":"no","exclude_category_quantity_rules":"no","combine_variations":"no","_links":{"self":[{"href":"https:\/\/www.solgreen.ro\/ro\/wp-json\/wp\/v2\/product\/381","targetHints":{"allow":["GET"]}}],"collection":[{"href":"https:\/\/www.solgreen.ro\/ro\/wp-json\/wp\/v2\/product"}],"about":[{"href":"https:\/\/www.solgreen.ro\/ro\/wp-json\/wp\/v2\/types\/product"}],"version-history":[{"count":10,"href":"https:\/\/www.solgreen.ro\/ro\/wp-json\/wp\/v2\/product\/381\/revisions"}],"predecessor-version":[{"id":27851,"href":"https:\/\/www.solgreen.ro\/ro\/wp-json\/wp\/v2\/product\/381\/revisions\/27851"}],"wp:featuredmedia":[{"embeddable":true,"href":"https:\/\/www.solgreen.ro\/ro\/wp-json\/wp\/v2\/media\/27186"}],"wp:attachment":[{"href":"https:\/\/www.solgreen.ro\/ro\/wp-json\/wp\/v2\/media?parent=381"}],"wp:term":[{"taxonomy":"product_cat","embeddable":true,"href":"https:\/\/www.solgreen.ro\/ro\/wp-json\/wp\/v2\/product_cat?post=381"},{"taxonomy":"product_tag","embeddable":true,"href":"https:\/\/www.solgreen.ro\/ro\/wp-json\/wp\/v2\/product_tag?post=381"}],"curies":[{"name":"wp","href":"https:\/\/api.w.org\/{rel}","templated":true}]}}