{"id":395,"date":"2021-08-27T12:11:46","date_gmt":"2021-08-27T12:11:46","guid":{"rendered":"http:\/\/dummy.xtemos.com\/woodmart2\/elementor\/?post_type=product&#038;p=395"},"modified":"2025-12-02T12:21:17","modified_gmt":"2025-12-02T12:21:17","slug":"agria","status":"publish","type":"product","link":"https:\/\/www.solgreen.ro\/ro\/product\/agria\/","title":{"rendered":"Agria"},"content":{"rendered":"<div data-elementor-type=\"wp-post\" data-elementor-id=\"395\" class=\"elementor elementor-395\">\n\t\t\t\t<div class=\"wd-negative-gap elementor-element elementor-element-3171f4f e-flex e-con-boxed e-con e-parent\" data-id=\"3171f4f\" data-element_type=\"container\">\n\t\t\t\t\t<div class=\"e-con-inner\">\n\t\t<div class=\"elementor-element elementor-element-03880f6 e-con-full e-flex e-con e-child\" data-id=\"03880f6\" data-element_type=\"container\">\n\t\t\t\t<div class=\"elementor-element elementor-element-649444a elementor-widget elementor-widget-wd_text_block\" data-id=\"649444a\" data-element_type=\"widget\" data-widget_type=\"wd_text_block.default\">\n\t\t\t\t<div class=\"elementor-widget-container\">\n\t\t\t\t\t<div class=\"wd-text-block reset-last-child text-left\">\n\t\t\t\n\t\t\t<p>Nu se sf\u0103r\u00e2m\u0103 la g\u0103tit, fiind un soi de tip A pentru g\u0103tit. Tuberculul \u00ee\u0219i p\u0103streaz\u0103 forma dup\u0103 fierbere. Textura cartofului este fin granulat\u0103. Este ingredientul perfect pentru salate de cartofi, preparate reci, cartofi la cuptor \u0219i m\u00e2nc\u0103ruri gratinate.\nSoi de maturare semi-timpurie, cu coaj\u0103 galben\u0103 \u0219i pulp\u0103 galben\u0103 aspectuoas\u0103.\nProduce tuberculi mari \u0219i uniformi.\nSuprafa\u021ba tuberculilor este neted\u0103, iar ochii sunt superficiali. Pulpa nu este predispus\u0103 la decolorare, nici crud\u0103, nici dup\u0103 g\u0103tit, \u0219i se p\u0103streaz\u0103 bine pe timpul iernii.\nFoarte rezistent la cr\u0103p\u0103turi \u0219i tolereaz\u0103 foarte bine loviturile.<\/p>\n\t\t\t\t\t<\/div>\n\t\t\t\t<\/div>\n\t\t\t\t<\/div>\n\t\t\t\t<\/div>\n\t\t\t\t\t<\/div>\n\t\t\t\t<\/div>\n\t\t\t\t<\/div>","protected":false},"excerpt":{"rendered":"<p>Agria este un clasic al buc\u0103t\u0103riei \u2013 un cartof gustos, versatil \u0219i de \u00eencredere, prezent de ani de zile at\u00e2t \u00een gospod\u0103rii, c\u00e2t \u0219i \u00een restaurante.<br \/>\nEste un soi de maturitate semit\u00e2rzie, cu coaj\u0103 galben\u0103 \u0219i miez galben-auriu, care \u00ee\u0219i p\u0103streaz\u0103 culoarea frumoas\u0103 \u0219i dup\u0103 preparare.<\/p>","protected":false},"featured_media":27189,"template":"","meta":[],"product_cat":[76],"product_tag":[77],"class_list":{"0":"post-395","1":"product","2":"type-product","3":"status-publish","4":"has-post-thumbnail","6":"product_cat-sutni-valo","7":"product_tag-sutni-valo","9":"first","10":"outofstock","11":"shipping-taxable","12":"purchasable","13":"product-type-simple"},"group_of_quantity":0,"min_quantity":10,"max_quantity":"","exclude_order_quantity_value_rules":"no","exclude_category_quantity_rules":"no","combine_variations":"no","_links":{"self":[{"href":"https:\/\/www.solgreen.ro\/ro\/wp-json\/wp\/v2\/product\/395","targetHints":{"allow":["GET"]}}],"collection":[{"href":"https:\/\/www.solgreen.ro\/ro\/wp-json\/wp\/v2\/product"}],"about":[{"href":"https:\/\/www.solgreen.ro\/ro\/wp-json\/wp\/v2\/types\/product"}],"version-history":[{"count":11,"href":"https:\/\/www.solgreen.ro\/ro\/wp-json\/wp\/v2\/product\/395\/revisions"}],"predecessor-version":[{"id":28151,"href":"https:\/\/www.solgreen.ro\/ro\/wp-json\/wp\/v2\/product\/395\/revisions\/28151"}],"wp:featuredmedia":[{"embeddable":true,"href":"https:\/\/www.solgreen.ro\/ro\/wp-json\/wp\/v2\/media\/27189"}],"wp:attachment":[{"href":"https:\/\/www.solgreen.ro\/ro\/wp-json\/wp\/v2\/media?parent=395"}],"wp:term":[{"taxonomy":"product_cat","embeddable":true,"href":"https:\/\/www.solgreen.ro\/ro\/wp-json\/wp\/v2\/product_cat?post=395"},{"taxonomy":"product_tag","embeddable":true,"href":"https:\/\/www.solgreen.ro\/ro\/wp-json\/wp\/v2\/product_tag?post=395"}],"curies":[{"name":"wp","href":"https:\/\/api.w.org\/{rel}","templated":true}]}}