{"id":411,"date":"2021-08-27T12:19:36","date_gmt":"2021-08-27T12:19:36","guid":{"rendered":"http:\/\/dummy.xtemos.com\/woodmart2\/elementor\/?post_type=product&#038;p=411"},"modified":"2025-12-02T12:20:37","modified_gmt":"2025-12-02T12:20:37","slug":"meryem","status":"publish","type":"product","link":"https:\/\/www.solgreen.ro\/ro\/product\/meryem\/","title":{"rendered":"Meryem"},"content":{"rendered":"<div data-elementor-type=\"wp-post\" data-elementor-id=\"411\" class=\"elementor elementor-411\">\n\t\t\t\t<div class=\"wd-negative-gap elementor-element elementor-element-997cfae e-flex e-con-boxed e-con e-parent\" data-id=\"997cfae\" data-element_type=\"container\">\n\t\t\t\t\t<div class=\"e-con-inner\">\n\t\t<div class=\"elementor-element elementor-element-67d4c92 e-con-full e-flex e-con e-child\" data-id=\"67d4c92\" data-element_type=\"container\">\n\t\t\t\t<div class=\"elementor-element elementor-element-ebb40a2 elementor-widget elementor-widget-wd_text_block\" data-id=\"ebb40a2\" data-element_type=\"widget\" data-widget_type=\"wd_text_block.default\">\n\t\t\t\t<div class=\"elementor-widget-container\">\n\t\t\t\t\t<div class=\"wd-text-block reset-last-child text-left\">\n\t\t\t\n\t\t\t<p>Cartoful Laura este o alegere nutritiv\u0103 \u0219i s\u0103n\u0103toas\u0103, fiind bogat \u00een fibre, ceea ce ajut\u0103 digestia. De asemenea, con\u021bine o cantitate semnificativ\u0103 de vitamina C, care \u00eent\u0103re\u0219te sistemul imunitar \u0219i contribuie la reducerea inflama\u021biilor. Cartoful este o surs\u0103 excelent\u0103 de potasiu, care ajut\u0103 la men\u021binerea echilibrului adecvat de lichide \u00een organism, iar con\u021binutul de fosfor \u0219i calciu sprijin\u0103 s\u0103n\u0103tatea oaselor \u0219i din\u021bilor. Antocianinele din coaja ro\u0219ie au propriet\u0103\u021bi antioxidante, oferind protec\u021bie \u00eempotriva deterior\u0103rii celulare \u0219i stresului oxidativ, sporind astfel valoarea cartofului Laura \u00een alimenta\u021bia orientat\u0103 spre s\u0103n\u0103tate.<\/p>\n\t\t\t\t\t<\/div>\n\t\t\t\t<\/div>\n\t\t\t\t<\/div>\n\t\t\t\t<\/div>\n\t\t\t\t\t<\/div>\n\t\t\t\t<\/div>\n\t\t\t\t<\/div>","protected":false},"excerpt":{"rendered":"<p>Dac\u0103 e\u0219ti \u00een c\u0103utarea unui cartof care s\u0103 fie \u00een acela\u0219i timp gustos, aspectuos \u0219i de \u00eencredere, atunci Meryem este alegerea perfect\u0103.<br \/>\nAcest soi cu coaj\u0103 ro\u0219ie \u0219i miez galben-crem, de maturitate semitimpurie, a devenit unul dintre preferatele consumatorilor din toat\u0103 Europa \u2013 \u0219i pe bun\u0103 dreptate.<\/p>","protected":false},"featured_media":27191,"template":"","meta":[],"product_cat":[75],"product_tag":[78],"class_list":{"0":"post-411","1":"product","2":"type-product","3":"status-publish","4":"has-post-thumbnail","6":"product_cat-fozni-valo","7":"product_tag-fozni-valo","9":"first","10":"outofstock","11":"shipping-taxable","12":"purchasable","13":"product-type-simple"},"group_of_quantity":0,"min_quantity":10,"max_quantity":"","exclude_order_quantity_value_rules":"no","exclude_category_quantity_rules":"no","combine_variations":"no","_links":{"self":[{"href":"https:\/\/www.solgreen.ro\/ro\/wp-json\/wp\/v2\/product\/411","targetHints":{"allow":["GET"]}}],"collection":[{"href":"https:\/\/www.solgreen.ro\/ro\/wp-json\/wp\/v2\/product"}],"about":[{"href":"https:\/\/www.solgreen.ro\/ro\/wp-json\/wp\/v2\/types\/product"}],"version-history":[{"count":17,"href":"https:\/\/www.solgreen.ro\/ro\/wp-json\/wp\/v2\/product\/411\/revisions"}],"predecessor-version":[{"id":28149,"href":"https:\/\/www.solgreen.ro\/ro\/wp-json\/wp\/v2\/product\/411\/revisions\/28149"}],"wp:featuredmedia":[{"embeddable":true,"href":"https:\/\/www.solgreen.ro\/ro\/wp-json\/wp\/v2\/media\/27191"}],"wp:attachment":[{"href":"https:\/\/www.solgreen.ro\/ro\/wp-json\/wp\/v2\/media?parent=411"}],"wp:term":[{"taxonomy":"product_cat","embeddable":true,"href":"https:\/\/www.solgreen.ro\/ro\/wp-json\/wp\/v2\/product_cat?post=411"},{"taxonomy":"product_tag","embeddable":true,"href":"https:\/\/www.solgreen.ro\/ro\/wp-json\/wp\/v2\/product_tag?post=411"}],"curies":[{"name":"wp","href":"https:\/\/api.w.org\/{rel}","templated":true}]}}